{"id":177,"date":"2020-11-06T09:59:17","date_gmt":"2020-11-06T02:59:17","guid":{"rendered":"http:\/\/xetai-nhapkhau.com\/?post_type=product&#038;p=177"},"modified":"2026-04-01T09:42:01","modified_gmt":"2026-04-01T02:42:01","slug":"isuzu-qkr77fe4-tai-2-4-tan","status":"publish","type":"product","link":"https:\/\/xetai-nhapkhau.com\/?product=isuzu-qkr77fe4-tai-2-4-tan","title":{"rendered":"ISUZU QKR 230 t\u1ea3i 2.4 t\u1ea5n th\u00f9ng d\u00e0i 3m6 \u0111\u01a1\u0300i 2026"},"content":{"rendered":"<h1 class=\"text-uppercase\">ISUZU QKR 230 t\u1ea3i 2.4 t\u1ea5n th\u00f9ng d\u00e0i 3m6<\/h1>\n<div>\n<blockquote><p>Th\u01b0\u01a1ng hi\u1ec7u ISUZU kh\u00f4ng ch\u1ec9 l\u00e0 nh\u00e3n hi\u1ec7u xe n\u1ed5i ti\u1ebfng t\u1ea1i Nh\u1eadt B\u1ea3n m\u00e0 c\u00f2n r\u1ea5t \u0111\u01b0\u1ee3c y\u00eau m\u1ebfn t\u1ea1i Vi\u1ec7t Nam v\u1edbi c\u00e1c s\u1ea3n ph\u1ea9m \u0111\u01b0\u1ee3c s\u1ea3n xu\u1ea5t theo c\u00f4ng ngh\u1ec7 ti\u00ean ti\u1ebfn, ti\u00eau bi\u1ec3u l\u00e0 d\u00f2ng <strong>xe t\u1ea3i ISUZU 2.4 T\u1ea5n QKR 230 <\/strong>\u0111\u1ea1t ti\u00eau chu\u1ea9n ch\u1ea5t l\u01b0\u1ee3ng cao \u0111\u01b0\u1ee3c ph\u00e2n ph\u1ed1i t\u1ea1i c\u00e1c\u00a0<strong>\u0111\u1ea1i l\u00fd xe t\u1ea3i ISUZU<\/strong> tr\u00ean kh\u1eafp c\u1ea3 n\u01b0\u1edbc v\u00e0 c\u0169ng nh\u01b0 nh\u1eadn \u0111\u01b0\u1ee3c s\u1ef1 tin t\u01b0\u1edfng s\u1eed d\u1ee5ng c\u1ee7a kh\u00e1ch h\u00e0ng. Xe \u0111\u01b0\u1ee3c trang b\u1ecb \u0111\u1ed9ng c\u01a1 m\u1ea1nh m\u1ebd \u0111\u1ea1t ti\u00eau chu\u1ea9n kh\u00ed th\u1ea3i Euro 5, ti\u1ebft ki\u1ec7m nhi\u00ean li\u1ec7u v\u1edbi thi\u1ebft k\u1ebf khung g\u1ea7m ch\u1eafc ch\u1eafn c\u00f9ng n\u1ed9i th\u1ea5t v\u1edbi trang thi\u1ebft b\u1ecb ti\u1ec7n nghi hi\u1ec7n \u0111\u1ea1i N\u1ebfu b\u1ea1n y\u00eau th\u00edch v\u00e0 mu\u1ed1n s\u1edf h\u1eefu chi\u1ebfc xe n\u00e0y b\u1ea1n c\u00f3 th\u1ec3 tham kh\u1ea3o gi\u00e1 xe t\u1ea3i<strong> ISUZU QKR 230<\/strong>\u00a0\u0111\u1ec3 c\u00f3 cho m\u00ecnh s\u1ef1 l\u1ef1a ch\u1ecdn ph\u00f9 h\u1ee3p nh\u00e9.<\/p><\/blockquote>\n<h2><strong>\u01afu \u0111i\u1ec3m c\u1ee7a xe t\u1ea3i ISUZU QKR 230 t\u1ea3i 2.4 t\u1ea5n<\/strong><\/h2>\n<p>-ISUZU QKR 230 \u0111\u01b0\u1ee3c nh\u1eadp kh\u1ea9u 3 c\u1ee5c ch\u00ednh h\u00e3ng isuzu nh\u1eadt b\u1ea3n<\/p>\n<p>-ISUZU 2.4 t\u1ea5n s\u1edf h\u1eefu th\u00f9ng 5200mm l\u1ecdt l\u00f2ng,th\u00edch h\u1ee3p chuy\u00ean ch\u1edf c\u00e1c m\u1eb7t h\u00e0ng c\u1ed3ng k\u1ec1nh<\/p>\n<p>-ISUZU 2.4 t\u1ea5n s\u1eed d\u1ee5ng \u0111\u1ed9ng c\u01a1 4jj1 m\u1ea1nh m\u1ebd c\u00f4ng su\u1ea5t 130ps\/2600 v\u00f2ng \/ph\u00fat v\u1eadn h\u00e0nh \u00eam \u00e1i<\/p>\n<p>-ISUZU 2.4 t\u1ea5n c\u00f3 h\u1ec7 th\u1ed1ng b\u1ea3o d\u01b0\u1ee1ng b\u1ea3o h\u00e0nh chuy\u00ean nghi\u1ec7p to\u0300an qu\u1ed1c<\/p>\n<h2><strong>Gi\u00e1 xe t\u1ea3i <\/strong><strong>ISUZU QKR 230<\/strong><\/h2>\n<p><em>Gi\u00e1 chassis hi\u1ec7n tr\u00ean th\u1ecb tr\u01b0\u1eddng c\u00f3 gi\u00e1 b\u00e1n nh\u01b0 sau,gi\u00e1 b\u00e1n \u0111\u00e3 bao g\u1ed3m thu\u1ebf gi\u00e1 tr\u1ecb gia t\u0103ng,,<\/em><\/p>\n<p><em>-Gi\u00e1 chassis\u00a0 :560.000.000 vn\u0111 (n\u0103m tr\u0103m sa\u0301u m\u01b0\u01a1i tri\u1ec7u \u0111\u1ed3ng )<\/em><\/p>\n<p><em>-T\u00ecnh tr\u1ea1ng\u00a0 \u00a0 \u00a0: \u0111ang c\u1eadp nh\u1eadt<\/em><\/p>\n<p><em>-\u0110\u1eddi xe\u00a0 \u00a0 \u00a0 \u00a0 \u00a0 \u00a0: 2026<\/em><\/p>\n<h2><strong>T\u1ed5ng quan <\/strong><strong>ISUZU QKR 230<\/strong><\/h2>\n<h3><strong>Ngo\u1ea1i th\u1ea5t <\/strong><strong>ISUZU QKR 230<\/strong><\/h3>\n<p>Kh\u00f4ng kh\u00f3 \u0111\u1ec3 ch\u00fang ta c\u00f3 th\u1ec3 nh\u1eadn ra d\u00f2ng xe n\u00e0y \u0111\u01b0\u1ee3c nh\u1eadp kh\u1ea9u 3 c\u1ee5c t\u1eeb Isuzu Nh\u1eadt B\u1ea3n,m\u1eabu cabin \u0111\u01b0\u1ee3c \u01b0a chu\u1ed9ng nh\u1ea5t hi\u1ec7n nay<\/p>\n<p>-K\u00edch th\u01b0\u1edbc t\u1ed5ng th\u1ec3 xe\u00a0 \u00a0 \u00a0 \u00a0 \u00a0: 5510 x 2000 x 2895 mm<\/p>\n<p>-K\u00edch th\u01b0\u1edbc l\u1ecdt l\u00f2ng th\u00f9ng xe: 3620x1880x1500\/1870mm<\/p>\n<p>Chi\u1ec1u d\u00e0i c\u01a1 s\u1edf\u00a0 \u00a0 \u00a0 \u00a0 \u00a0 \u00a0 \u00a0 \u00a0 \u00a0 \u00a0 \u00a0: 2765mm<\/p>\n<p>\u21d2L\u01b0u \u00fd:Gi\u00e1 tr\u00ean \u0111\u00e3 bao g\u1ed3m thu\u1ebf gi\u00e1 tr\u1ecb gia t\u0103ng xe chassis ,nh\u01b0ng ch\u01b0a bao g\u1ed3m th\u00f9ng xe,l\u1ec7 ph\u00ed \u0111\u0103ng k\u00fd,\u0111\u0103ng ki\u1ec3m,\u0111\u1ecbnh v\u1ecb,ph\u00f9 hi\u1ec7u xe,gi\u00e1 tr\u00ean ch\u1ec9 mang t\u00ednh ch\u1ea5t tham kh\u1ea3o,gi\u00e1 c\u00f3 th\u1ec3 thay \u0111\u1ed5i m\u00e0 kh\u00f4ng c\u1ea7n b\u00e1o tr\u01b0\u1edbc.<\/p>\n<h2><strong>Th\u00f4ng s\u1ed1 k\u1ef9 thu\u1eadt <\/strong><strong>ISUZU QKR 230<\/strong><\/h2>\n<table width=\"650\">\n<tbody>\n<tr>\n<td colspan=\"2\" width=\"319\"><strong>K\u00edch th\u01b0\u1edbc chung<\/strong><\/td>\n<td width=\"331\"><strong>isuzu qlr77fe5<\/strong><\/td>\n<\/tr>\n<tr>\n<td width=\"215\">K\u00edch th\u01b0\u1edbc t\u1ed5ng th\u1ec3 (DxRxC)<\/td>\n<td width=\"104\">mm<\/td>\n<td width=\"331\">\u00a05510 x 2000 x 2895 mm<\/td>\n<\/tr>\n<tr>\n<td width=\"215\">K\u00edch th\u01b0\u1edbc th\u00f9ng xe<\/td>\n<td width=\"104\">mm<\/td>\n<td width=\"331\">3620x1880x1500\/1870mm<\/td>\n<\/tr>\n<tr>\n<td width=\"215\">V\u1ebft b\u00e1nh xe tr\u01b0\u1edbc\/sau<\/td>\n<td width=\"104\">mm<\/td>\n<td width=\"331\"><\/td>\n<\/tr>\n<tr>\n<td width=\"215\">Chi\u1ec1u d\u00e0i c\u01a1 s\u1edf<\/td>\n<td width=\"104\">mm<\/td>\n<td width=\"331\">2765mm<\/td>\n<\/tr>\n<tr>\n<td width=\"215\">Kho\u1ea3ng s\u00e1ng g\u1ea7m xe<\/td>\n<td width=\"104\">mm<\/td>\n<td width=\"331\"><\/td>\n<\/tr>\n<tr>\n<td width=\"215\"><strong>KH\u1ed0I L\u01af\u1ee2NG<\/strong><\/td>\n<td width=\"104\"><strong>\u00a0<\/strong><\/td>\n<td width=\"331\"><\/td>\n<\/tr>\n<tr>\n<td width=\"215\">T\u1ea3i tr\u1ecdng<\/td>\n<td width=\"104\">kg<\/td>\n<td width=\"331\"><strong>2280<\/strong><\/td>\n<\/tr>\n<tr>\n<td width=\"215\">Kh\u1ed1i l\u01b0\u1ee3ng b\u1ea3n th\u00e2n<\/td>\n<td width=\"104\">kg<\/td>\n<td width=\"331\">2515<\/td>\n<\/tr>\n<tr>\n<td width=\"215\">Kh\u1ed1i l\u01b0\u1ee3ng to\u00e0n b\u1ed9<\/td>\n<td width=\"104\">kg<\/td>\n<td width=\"331\">4990<\/td>\n<\/tr>\n<tr>\n<td width=\"215\">S\u1ed1 ng\u01b0\u1eddi cho ph\u00e9p ch\u1edf<\/td>\n<td width=\"104\">Ng\u01b0\u1eddi<\/td>\n<td width=\"331\">03<\/td>\n<\/tr>\n<tr>\n<td width=\"215\"><strong>\u0110\u1ed8NG C\u01a0<\/strong><\/td>\n<td width=\"104\"><strong>\u00a0<\/strong><\/td>\n<td width=\"331\"><\/td>\n<\/tr>\n<tr>\n<td colspan=\"2\" width=\"319\">Ki\u1ec3u<\/td>\n<td width=\"331\"><strong>4JH1E4NC<\/strong><\/td>\n<\/tr>\n<tr>\n<td colspan=\"2\" width=\"319\">Dung t\u00edch xi lanh<\/td>\n<td width=\"331\">2999cc<\/td>\n<\/tr>\n<tr>\n<td colspan=\"2\" width=\"319\">C\u00f4ng su\u1ea5t c\u1ef1c \u0111\u1ea1i(PS\/RPM)<\/td>\n<td width=\"331\">105\/3200<\/td>\n<\/tr>\n<tr>\n<td colspan=\"2\" width=\"319\">Momen xo\u1eafn c\u1ef1c \u0111\u1ea1i<\/td>\n<td width=\"331\"><\/td>\n<\/tr>\n<tr>\n<td colspan=\"2\" width=\"319\"><strong>\u0110\u1eb6C T\u00cdNH<\/strong><\/td>\n<td width=\"331\"><strong>\u00a0<\/strong><\/td>\n<\/tr>\n<tr>\n<td colspan=\"2\" width=\"319\"><\/td>\n<td width=\"331\"><\/td>\n<\/tr>\n<tr>\n<td colspan=\"2\" width=\"319\">Kh\u1ea3 n\u0103ng l\u00e9o d\u1ed1c<\/td>\n<td width=\"331\"><\/td>\n<\/tr>\n<tr>\n<td colspan=\"2\" width=\"319\">Dung t\u00edch b\u00ecnh nhi\u00ean li\u1ec7u<\/td>\n<td width=\"331\">100<\/td>\n<\/tr>\n<tr>\n<td colspan=\"2\" width=\"319\">\u0110i\u1ec1u h\u00f2a theo xe<\/td>\n<td width=\"331\">c\u00f3<\/td>\n<\/tr>\n<tr>\n<td colspan=\"2\" width=\"319\"><strong>TRUY\u1ec0N \u0110\u1ed8NG\/L\u1ed0P<\/strong><\/td>\n<td width=\"331\"><strong>\u00a0<\/strong><\/td>\n<\/tr>\n<tr>\n<td colspan=\"2\" width=\"319\">H\u1ed9p s\u1ed1<\/td>\n<td width=\"331\">5MT,5 S\u1ed1 ti\u1ebfn,1 s\u1ed1 l\u00f9i<\/td>\n<\/tr>\n<tr>\n<td colspan=\"2\" width=\"319\">Lo\u1ea1i h\u1ed9p s\u1ed1<\/td>\n<td width=\"331\">M035S5<\/td>\n<\/tr>\n<tr>\n<td colspan=\"2\" width=\"319\">L\u1ed1p<\/td>\n<td width=\"331\">7.00-15<\/td>\n<\/tr>\n<tr>\n<td colspan=\"2\" width=\"319\"><strong>H\u1ec6 TH\u1ed0NG PHANH-TREO -L\u00c1I<\/strong><\/td>\n<td width=\"331\"><strong>\u00a0<\/strong><\/td>\n<\/tr>\n<tr>\n<td colspan=\"2\" width=\"319\">H\u1ec7 th\u1ed1ng phanh ch\u00ednh<\/td>\n<td width=\"331\">Phanh tang tr\u1ed1ng,th\u1ee7y l\u1ef1c,tr\u1ee3 l\u1ef1c ch\u00e2n kh\u00f4ng<\/td>\n<\/tr>\n<tr>\n<td colspan=\"2\" width=\"319\">Phanh \u0111\u1ed7<\/td>\n<td width=\"331\">Tang tr\u1ed1ng,d\u1eabn \u0111\u1ed9ng c\u01a1 kh\u00ed<\/td>\n<\/tr>\n<tr>\n<td colspan=\"2\" width=\"319\">H\u1ec7 th\u1ed1ng treo tr\u01b0\u1edbc\/sau<\/td>\n<td width=\"331\">Treo ph\u1ee5 thu\u1ed9c,nh\u00edp l\u00e1,gi\u1ea3m ch\u1ea5n th\u1ee7y l\u1ef1c<\/td>\n<\/tr>\n<tr>\n<td colspan=\"2\" width=\"319\">H\u1ec7 th\u1ed1ng l\u00e1i<\/td>\n<td width=\"331\">Tr\u1ee3 l\u1ef1c th\u1ee7y l\u1ef1c<\/td>\n<\/tr>\n<tr>\n<td colspan=\"2\" width=\"319\">Kh\u00f3a c\u1eeda trung t\u00e2m<\/td>\n<td width=\"331\">c\u00f3<\/td>\n<\/tr>\n<tr>\n<td colspan=\"2\" width=\"319\">C\u1eeda s\u1ed5 ch\u1ec9nh \u0111i\u1ec7n<\/td>\n<td width=\"331\">c\u00f3<\/td>\n<\/tr>\n<tr>\n<td colspan=\"2\" width=\"319\">Radio+AUX+USB<\/td>\n<td width=\"331\">c\u00f3<\/td>\n<\/tr>\n<\/tbody>\n<\/table>\n<h3><\/h3>\n<h3><strong>Ch\u00ednh s\u00e1ch b\u1ea3o h\u00e0nh <\/strong><strong>ISUZU QKR 230<\/strong><\/h3>\n<p>-Xe t\u1ea3i isuzu\u00a0 \u0111\u01b0\u1ee3c b\u1ea3o h\u00e0nh 3 n\u0103m ho\u1eb7c 100.000km t\u00f9y \u0111i\u1ec1u ki\u1ec7n n\u00e0o \u0111\u1ebfn tr\u01b0\u1edbc<\/p>\n<p>-Chi ti\u1ebft b\u1ea3o h\u00e0nh qu\u00fd kh\u00e1ch xem t\u1ea1i s\u1ed5 b\u1ea3o h\u00e0nh khi mua xe<\/p>\n<p>-\u0110\u1ecba \u0111i\u1ec3m b\u1ea3o h\u00e0nh t\u1ea1i c\u00e1c tr\u1ea1m b\u1ea3o h\u00e0nh ISUZU\u00a0 tr\u00ean to\u00e0n qu\u1ed1c<\/p>\n<h4 style=\"font-weight: 500\"><strong>Gi\u00e1 c\u1ea3 h\u1ee3p l\u00fd \u2013 Ch\u1ea5t l\u01b0\u1ee3ng \u0111\u1ea3m b\u1ea3o \u2013 Th\u1ee7 t\u1ee5c nhanh v\u00e0 \u0111\u01a1n gi\u1ea3n.<\/strong><\/h4>\n<h3 style=\"font-weight: 500\"><b><strong>Nh\u1eefng \u01afu \u0110i\u1ec3m N\u1ed5i B\u1eadt C\u1ee7a Xe.<\/strong><\/b><\/h3>\n<ul>\n<li>Gi\u00e1 c\u1ea3 h\u1ee3p l\u00fd \u2013 Ch\u1ea5t l\u01b0\u1ee3ng \u0111\u1ea3m b\u1ea3o \u2013 Th\u1ee7 t\u1ee5c nhanh v\u00e0 \u0111\u01a1n gi\u1ea3n.<\/li>\n<li>Nh\u00e2n vi\u00ean nhi\u00ea\u0323t ti\u0300nh, t\u01b0 v\u00e2\u0301n chuy\u00ean nghi\u00ea\u0323p v\u01a1\u0301i g\u00e2\u0300n 20 n\u0103m kinh nghi\u00ea\u0323m<\/li>\n<li>Th\u1ee7 t\u1ee5c vay v\u1ed1n \u0111\u01a1n gi\u1ea3n, nhanh g\u1ecdn v\u1edbi l\u00e3i su\u1ea5t \u01b0u \u0111\u00e3i th\u00e2\u0301p(Vay t\u1edbi 70% \u2013 80% tr\u1ecb gi\u00e1 xe)<\/li>\n<li>D\u1ecbch v\u1ee5 b\u1ea3o h\u00e0nh b\u1ea3o d\u01b0\u1ee1ng chuy\u00ean nghi\u1ec7p<\/li>\n<li>Ph\u1ee5 t\u00f9ng ch\u00ednh h\u00e3ng<\/li>\n<li>D\u1ecbch v\u1ee5 \u0111\u0103ng k\u00fd, \u0111\u0103ng ki\u1ec3m, c\u1ea3i t\u1ea1o \u0111\u00f3ng th\u00f9ng theo y\u00eau c\u00e2\u0300u<\/li>\n<\/ul>\n<h4>\u0110i\u0323a chi\u0309: Long Bi\u00ean, H\u00e0 N\u1ed9i &#8211; Y\u00ean My\u0303, H\u01b0ng Y\u00ean<\/h4>\n<h4>Hotline\u00a0: \u00a0\u00a0<strong>0917.017.678<\/strong><\/h4>\n<h4>Website:\u00a0<a href=\"https:\/\/xetai-nhapkhau.com\/\">xetai-nhapkhau.com<\/a><\/h4>\n<h4>FANPAGE: <a href=\"https:\/\/www.facebook.com\/tongdailyisuzumienbac\/?modal=admin_todo_tour\">T\u1ed5ng \u0110\u1ea1i L\u00fd Xe T\u1ea3i Mi\u1ec1n B\u1eafc<\/a><\/h4>\n<\/div>\n","protected":false},"excerpt":{"rendered":"<p><strong>Xe t\u1ea3i ISUZU QKR 230 t\u1ea3i 2.4 t\u1ea5n(KHUY\u1ebeN M\u1ea0I 100% THU\u1ebe TR\u01af\u1edaC B\u1ea0)<\/strong><\/p>\n<ul>\n<li><strong>\u0110\u1ed9ng c\u01a1 : 4JH1E4NC<\/strong><\/li>\n<li><strong>Th\u00f9ng xe : th\u00f9ng mui b\u1ea1t, th\u00f9ng k\u00edn inox<\/strong><\/li>\n<li><strong>T\u1ea3i tr\u1ecdng : 2400 Kg ho\u1eb7c 1500kg<\/strong><\/li>\n<li><strong>K\u00edch th\u01b0\u1edbc xe : 5510x2000x2895mm<\/strong><\/li>\n<li><strong>K\u00edch th\u00f9ng : 3620x1880x1500\/1870mm<\/strong><\/li>\n<li><strong>Ngu\u1ed3n g\u1ed1c : Vi\u1ec7t Nam \u2013 Nh\u1eadt B\u1ea3n<\/strong><\/li>\n<li><strong>Gi\u00e1 tham kh\u1ea3o : 560.000.000 VN\u0110(ch\u01b0a th\u00f9ng)<\/strong><\/li>\n<\/ul>\n","protected":false},"featured_media":270,"comment_status":"open","ping_status":"closed","template":"","meta":[],"product_cat":[18],"product_tag":[51,50,49,36],"class_list":{"0":"post-177","1":"product","2":"type-product","3":"status-publish","4":"has-post-thumbnail","6":"product_cat-xe-tai-isuzu","7":"product_tag-isuzu-1-tan","8":"product_tag-isuzu-2t4","9":"product_tag-isuzu-qkr-230","10":"product_tag-isuzu-qkr77fe4","12":"first","13":"instock","14":"sale","15":"shipping-taxable","16":"product-type-external"},"yoast_head":"<!-- This site is optimized with the Yoast SEO plugin v15.2 - https:\/\/yoast.com\/wordpress\/plugins\/seo\/ -->\n<title>ISUZU QKR 230 t\u1ea3i 2.4 t\u1ea5n th\u00f9ng d\u00e0i 3m6 \u0111\u01a1\u0300i 2026 - xetai-nhapkhau.com<\/title>\n<meta name=\"description\" content=\"isuzu 2.4 t\u1ea5n isuzu qkr 230 l\u00e0 d\u00f2ng xe t\u1ea3i nh\u1ecf hi\u1ec7n \u0111ang \u0111\u01b0\u1ee3c y\u00eau th\u00edch t\u1ea1i th\u1ecb tr\u01b0\u1eddng vi\u1ec7t nam b\u1edfi \u0111\u1ed9 linh ho\u1ea1t ti\u1ec7n l\u1ee3i c\u1ee7a d\u00f2ng xe n\u00e0y\" \/>\n<meta name=\"robots\" content=\"index, follow, max-snippet:-1, max-image-preview:large, max-video-preview:-1\" \/>\n<link rel=\"canonical\" href=\"https:\/\/xetai-nhapkhau.com\/?product=isuzu-qkr77fe4-tai-2-4-tan\" \/>\n<meta property=\"og:locale\" content=\"vi_VN\" \/>\n<meta property=\"og:type\" content=\"article\" \/>\n<meta property=\"og:title\" content=\"ISUZU QKR 230 t\u1ea3i 2.4 t\u1ea5n th\u00f9ng d\u00e0i 3m6 \u0111\u01a1\u0300i 2026 - xetai-nhapkhau.com\" \/>\n<meta property=\"og:description\" content=\"isuzu 2.4 t\u1ea5n isuzu qkr 230 l\u00e0 d\u00f2ng xe t\u1ea3i nh\u1ecf hi\u1ec7n \u0111ang \u0111\u01b0\u1ee3c y\u00eau th\u00edch t\u1ea1i th\u1ecb tr\u01b0\u1eddng vi\u1ec7t nam b\u1edfi \u0111\u1ed9 linh ho\u1ea1t ti\u1ec7n l\u1ee3i c\u1ee7a d\u00f2ng xe n\u00e0y\" \/>\n<meta property=\"og:url\" content=\"https:\/\/xetai-nhapkhau.com\/?product=isuzu-qkr77fe4-tai-2-4-tan\" \/>\n<meta property=\"og:site_name\" content=\"xetai-nhapkhau.com\" \/>\n<meta property=\"article:modified_time\" content=\"2026-04-01T02:42:01+00:00\" \/>\n<meta property=\"og:image\" content=\"https:\/\/xetai-nhapkhau.com\/wp-content\/uploads\/2020\/11\/z3176067432505_6bb67bc7845f70639683ce7cb93912ca.jpg\" \/>\n\t<meta property=\"og:image:width\" content=\"1276\" \/>\n\t<meta property=\"og:image:height\" content=\"956\" \/>\n<meta name=\"twitter:card\" content=\"summary_large_image\" \/>\n<meta name=\"twitter:label1\" value=\"Written by\">\n\t<meta name=\"twitter:data1\" value=\"B\u00f9i \u0110\u1ea1i\">\n\t<meta name=\"twitter:label2\" value=\"Est. reading time\">\n\t<meta name=\"twitter:data2\" value=\"4 ph\u00fat\">\n<script type=\"application\/ld+json\" class=\"yoast-schema-graph\">{\"@context\":\"https:\/\/schema.org\",\"@graph\":[{\"@type\":\"WebSite\",\"@id\":\"https:\/\/xetai-nhapkhau.com\/#website\",\"url\":\"https:\/\/xetai-nhapkhau.com\/\",\"name\":\"xetai-nhapkhau.com\",\"description\":\"Xe T\\u1ea3i Nh\\u1eadp Kh\\u1ea9u\",\"potentialAction\":[{\"@type\":\"SearchAction\",\"target\":\"https:\/\/xetai-nhapkhau.com\/?s={search_term_string}\",\"query-input\":\"required name=search_term_string\"}],\"inLanguage\":\"vi\"},{\"@type\":\"ImageObject\",\"@id\":\"https:\/\/xetai-nhapkhau.com\/?product=isuzu-qkr77fe4-tai-2-4-tan#primaryimage\",\"inLanguage\":\"vi\",\"url\":\"https:\/\/xetai-nhapkhau.com\/wp-content\/uploads\/2020\/11\/z3176067432505_6bb67bc7845f70639683ce7cb93912ca.jpg\",\"width\":1276,\"height\":956,\"caption\":\"isuzu qkr 230\"},{\"@type\":\"WebPage\",\"@id\":\"https:\/\/xetai-nhapkhau.com\/?product=isuzu-qkr77fe4-tai-2-4-tan#webpage\",\"url\":\"https:\/\/xetai-nhapkhau.com\/?product=isuzu-qkr77fe4-tai-2-4-tan\",\"name\":\"ISUZU QKR 230 t\\u1ea3i 2.4 t\\u1ea5n th\\u00f9ng d\\u00e0i 3m6 \\u0111\\u01a1\\u0300i 2026 - xetai-nhapkhau.com\",\"isPartOf\":{\"@id\":\"https:\/\/xetai-nhapkhau.com\/#website\"},\"primaryImageOfPage\":{\"@id\":\"https:\/\/xetai-nhapkhau.com\/?product=isuzu-qkr77fe4-tai-2-4-tan#primaryimage\"},\"datePublished\":\"2020-11-06T02:59:17+00:00\",\"dateModified\":\"2026-04-01T02:42:01+00:00\",\"description\":\"isuzu 2.4 t\\u1ea5n isuzu qkr 230 l\\u00e0 d\\u00f2ng xe t\\u1ea3i nh\\u1ecf hi\\u1ec7n \\u0111ang \\u0111\\u01b0\\u1ee3c y\\u00eau th\\u00edch t\\u1ea1i th\\u1ecb tr\\u01b0\\u1eddng vi\\u1ec7t nam b\\u1edfi \\u0111\\u1ed9 linh ho\\u1ea1t ti\\u1ec7n l\\u1ee3i c\\u1ee7a d\\u00f2ng xe n\\u00e0y\",\"inLanguage\":\"vi\",\"potentialAction\":[{\"@type\":\"ReadAction\",\"target\":[\"https:\/\/xetai-nhapkhau.com\/?product=isuzu-qkr77fe4-tai-2-4-tan\"]}]}]}<\/script>\n<!-- \/ Yoast SEO plugin. -->","_links":{"self":[{"href":"https:\/\/xetai-nhapkhau.com\/index.php?rest_route=\/wp\/v2\/product\/177","targetHints":{"allow":["GET"]}}],"collection":[{"href":"https:\/\/xetai-nhapkhau.com\/index.php?rest_route=\/wp\/v2\/product"}],"about":[{"href":"https:\/\/xetai-nhapkhau.com\/index.php?rest_route=\/wp\/v2\/types\/product"}],"replies":[{"embeddable":true,"href":"https:\/\/xetai-nhapkhau.com\/index.php?rest_route=%2Fwp%2Fv2%2Fcomments&post=177"}],"wp:featuredmedia":[{"embeddable":true,"href":"https:\/\/xetai-nhapkhau.com\/index.php?rest_route=\/wp\/v2\/media\/270"}],"wp:attachment":[{"href":"https:\/\/xetai-nhapkhau.com\/index.php?rest_route=%2Fwp%2Fv2%2Fmedia&parent=177"}],"wp:term":[{"taxonomy":"product_cat","embeddable":true,"href":"https:\/\/xetai-nhapkhau.com\/index.php?rest_route=%2Fwp%2Fv2%2Fproduct_cat&post=177"},{"taxonomy":"product_tag","embeddable":true,"href":"https:\/\/xetai-nhapkhau.com\/index.php?rest_route=%2Fwp%2Fv2%2Fproduct_tag&post=177"}],"curies":[{"name":"wp","href":"https:\/\/api.w.org\/{rel}","templated":true}]}}