{"id":178,"date":"2020-11-06T10:06:01","date_gmt":"2020-11-06T03:06:01","guid":{"rendered":"http:\/\/xetai-nhapkhau.com\/?post_type=product&#038;p=178"},"modified":"2022-10-27T11:48:46","modified_gmt":"2022-10-27T04:48:46","slug":"isuzu-qkr77fe4-dong-lanh-1-4t-hoac-2-15t","status":"publish","type":"product","link":"https:\/\/xetai-nhapkhau.com\/?product=isuzu-qkr77fe4-dong-lanh-1-4t-hoac-2-15t","title":{"rendered":"ISUZU QKR 230 \u0110\u00d4NG L\u1ea0NH 1.4T ho\u1eb7c 2.15T"},"content":{"rendered":"<nav class=\"nav nav-pills nav-justified\">\n<h1 class=\"text-uppercase\"><strong>ISUZU QKR 230 \u0110\u00d4NG L\u1ea0NH<\/strong><\/h1>\n<\/nav>\n<div id=\"myTabContent\" class=\"tab-content\">\n<div id=\"gioi-thieu-tab\" class=\"tab-pane fade show active\" role=\"tabpanel\" aria-labelledby=\"gioi-thieu-tab\">\n<div id=\"gioi-thieu\" class=\"show-less-content\" data-max-height=\"400\">\n<div class=\"nav-header\">\n<div>\n<blockquote><p><strong>Xe Isuzu 2T1 th\u00f9ng \u0111\u00f4ng l\u1ea1nh QKR 230<\/strong>\u00a0\u0111\u01b0\u1ee3c nh\u00e0 m\u00e1y Isuzu cho ra m\u1eaft t\u1ea1i th\u1ecb tr\u01b0\u1eddng Vi\u1ec7t Nam v\u1edbi nhi\u1ec1u \u0111\u1eb7c \u0111i\u1ec3m n\u1ed5i b\u1eadt. D\u01b0\u1edbi \u0111\u00e2y, ch\u00fang t\u00f4i xin gi\u1edbi thi\u1ec7u \u0111\u1ebfn kh\u00e1ch h\u00e0ng t\u1ea5t c\u1ea3 nh\u1eefng \u01b0u \u0111i\u1ec3m c\u1ee7a d\u00f2ng xe n\u00e0y. Ch\u00fang t\u00f4i tin r\u1eb1ng l\u1ef1a ch\u1ecdn xe n\u00e0y l\u00e0 s\u1ef1 l\u1ef1a ch\u1ecdn \u0111\u00fang \u0111\u1eafn.<\/p><\/blockquote>\n<h2>\u01afu \u0111i\u1ec3m c\u1ee7a d\u00f2ng xe <strong>QKR 230 \u0110\u00d4NG L\u1ea0NH<\/strong>:<\/h2>\n<\/div>\n<div class=\"content\">\n<p>1.\u00a0Xe t\u1ea3i th\u00f9ng \u0111\u00f4ng l\u1ea1nh\u00a0\u0111\u01b0\u1ee3c \u0111\u00f3ng t\u1ea1i \u00f4 t\u00f4 Quy\u1ec1n \u2013 Th\u00f9ng c\u00f3 ch\u1ea5t l\u01b0\u1ee3ng cao<\/p>\n<p>2. Th\u00f9ng xe \u0111\u01b0\u1ee3c gia c\u1ed1 ch\u1eafc ch\u1eafn, h\u1ec7 th\u1ed1ng m\u00e1y l\u1ea1nh s\u1eed d\u1ee5ng b\u1ec1n b\u1ec9 v\u00e0 l\u00e2u d\u00e0i, \u0111\u01b0\u1ee3c b\u1ea3o d\u01b0\u1ee1ng.<\/p>\n<p>3. \u0110\u1ed9ng c\u01a1 ti\u00eau chu\u1ea9n Euro4, ti\u1ebft ki\u1ec7m nhi\u00ean li\u1ec7u, \u0111\u1ed9ng c\u01a1 phun nhi\u00ean li\u1ec7u \u0111i\u1ec7n t\u1eed Common Rail \u00e1p su\u1ea5t trang b\u1ecb t\u0103ng \u00e1p bi\u1ebfn thi\u00ean.<\/p>\n<p>4. Trang b\u1ecb \u0111\u1ed9ng c\u01a1 Blue Power \u2013 \u00edt hao nhi\u00ean li\u1ec7u, gi\u1ea3m \u0111\u01b0\u1ee3c ti\u1ebfng \u1ed3n v\u00e0 th\u00e2n thi\u1ec7n m\u00f4i tr\u01b0\u1eddng, t\u0103ng tu\u1ed5i th\u1ecd \u0111\u1ed9ng c\u01a1\u2026<\/p>\n<div id=\"thung-xe\">\n<h2 id=\"8-thung_xe\"><strong>Th\u00f9ng xe ISUZU QKR 230 \u0110\u00d4NG L\u1ea0NH<\/strong><\/h2>\n<p>\u2013 K\u00edch th\u01b0\u1edbc l\u1ecdt l\u00f2ng th\u00f9ng:\u00a0<strong>3520 x 1720 x 1780 mm<\/strong><\/p>\n<p>\u2013 T\u1ea3i tr\u1ecdng sau khi \u0111\u00f3ng th\u00f9ng:\u00a0<strong>2150 kg ho\u1eb7c 1400 kg<\/strong><\/p>\n<p>Th\u00f9ng xe \u0111\u01b0\u1ee3c \u0111\u00f3ng m\u1edbi 100% theo ti\u00eau chu\u1ea9n c\u1ee7a C\u1ee5c \u0111\u0103ng ki\u1ec3m Vi\u1ec7t Nam.<\/p>\n<h3>Quy c\u00e1ch \u0111\u00f3ng th\u00f9ng <strong>ISUZU QKR 230 \u0110\u00d4NG L\u1ea0NH<\/strong><\/h3>\n<p id=\"thung-xe\">\u2013 \u0110\u00e0 d\u1ecdc: Nh\u00f4m cao c\u1ea5p d\u1eadp ch\u1eef I 2 c\u00e2y ch\u1ed1ng oxy h\u00f3a<\/p>\n<p id=\"thung-xe\">\u2013 S\u00e0n th\u00f9ng: Composite ch\u1ed1ng tr\u01b0\u1ee3t t\u00f9y ch\u1ecdn th\u00eam s\u00e0n Inox 304 ch\u1ed1ng \u0103n m\u00f2n d\u1eadp s\u00f3ng<\/p>\n<p id=\"thung-xe\">\u2013 \u1ed0p quanh th\u00f9ng: Nh\u00f4m cao c\u1ea5p ch\u1ed1ng oxy h\u00f3a<\/p>\n<p id=\"thung-xe\">\u2013 X\u01b0\u01a1ng th\u00f9ng: Nh\u00f4m cao c\u1ea5p\u00a0h\u1ed9p vu\u00f4ng 40 x40 d\u00e0y 1.2 mm<\/p>\n<p id=\"thung-xe\">\u2013 V\u00e1ch ngo\u00e0i: Composite ti\u00eau chu\u1ea9n Ch\u00e2u \u00c2u<\/p>\n<p id=\"thung-xe\">\u2013 V\u00e1ch trong: Composite ti\u00eau chu\u1ea9n Ch\u00e2u \u00c2u<\/p>\n<p id=\"thung-xe\">\u2013 L\u1edbp c\u00e1ch nhi\u1ec7t: Foam XPS (nh\u1eadp kh\u1ea9u)<\/p>\n<p id=\"thung-xe\">\u2013 Khung tr\u1ee5 c\u1eeda sau: Inox 304, 02 l\u1edbp<\/p>\n<p id=\"thung-xe\">\u2013 Bas g\u00e0i b\u1ea3ng l\u1ec1: T\u00f4n k\u1ebdm ch\u1ed1ng \u0103n m\u00f2n<\/p>\n<p id=\"thung-xe\">\u2013 C\u00e2y g\u00e0i c\u1eeda: Inox 304 ch\u1ed1ng \u0103n m\u00f2n<\/p>\n<p id=\"thung-xe\">\u2013 Tay n\u1eafm c\u1eeda: Inox 304 ch\u1ed1ng \u0103n m\u00f2n<\/p>\n<p id=\"thung-xe\">\u2013 Ron l\u00e0m k\u00edn: Cao su<\/p>\n<p id=\"thung-xe\">\u2013 V\u00e8 ch\u1eafn b\u00f9n: Composite \u0111\u00fac \u0111\u1ecbnh h\u00ecnh<\/p>\n<p id=\"thung-xe\">\u2013 C\u1ea3n h\u00f4ng: Nh\u00f4m cao c\u1ea5p b\u1ecdc Composite ch\u1ed1ng oxy h\u00f3a<\/p>\n<p id=\"thung-xe\">\u2013 \u0110\u00e8n khoang th\u00f9ng: LED\u00a01 b\u1ed9<\/p>\n<p id=\"thung-xe\">\u2013 B\u1ea3n l\u1ec1 c\u1eeda Nh\u00f4m: \u0110\u00fac \u0111\u1ecbnh h\u00ecnh<\/p>\n<p id=\"thung-xe\">\u2013 Tay kh\u00f3a c\u1eeda: Inox 304 ch\u1ed1ng \u0103n m\u00f2n<\/p>\n<p id=\"thung-xe\">\u2013 L\u1eafp paga thang leo: Inox 304<\/p>\n<p id=\"thung-xe\">\u2013 Paga b\u1ea3o v\u1ec7 cabin: Inox 304<\/p>\n<p id=\"thung-xe\">\u2013 Th\u00f9ng \u0111\u1ed3 ngh\u1ec1: Inox 304<\/p>\n<p id=\"thung-xe\">\u2013 N\u1eafp b\u1ea3o v\u1ec7 b\u00ecnh \u0111i\u1ec7n: Inox 304<\/p>\n<p id=\"thung-xe\">\u2013 \u0110\u00e8n h\u00f4ng th\u00f9ng: 06 b\u1ed9<\/p>\n<p id=\"thung-xe\">\u2013 C\u1ea3n sau: Nh\u00f4m cao c\u1ea5p b\u1ecdc inox 304<\/p>\n<p id=\"thung-xe\">\u2013 B\u1ea3ng s\u1ed1 tr\u01b0\u1edbc sau: Inox 304<\/p>\n<p>Th\u00f9ng c\u00f3 phi\u1ebfu xu\u1ea5t x\u01b0\u1edfng do C\u1ee5c \u0111\u0103ng ki\u1ec3m c\u1ea5p, \u0111\u0103ng ki\u1ec3m l\u1ea7n \u0111\u1ea7u c\u00f3 gi\u00e1 tr\u1ecb l\u01b0u h\u00e0nh 02 n\u0103m.<\/p>\n<p>Nh\u1eadn t\u01b0 v\u1ea5n thi\u1ebft k\u1ebf v\u00e0 \u0111\u00f3ng m\u1edbi th\u00f9ng theo m\u1ecdi y\u00eau c\u1ea7u c\u1ee7a Qu\u00fd kh\u00e1ch!<\/p>\n<\/div>\n<div id=\"gia-xe\">\n<div>\n<h2><strong>Chi\u0301nh sa\u0301ch ba\u0301n ha\u0300ng xe ISUZU QKR 230 \u0110\u00d4NG L\u1ea0NH<\/strong><\/h2>\n<ul>\n<li>Gi\u00e1 c\u1ea3 h\u1ee3p l\u00fd \u2013 Ch\u1ea5t l\u01b0\u1ee3ng \u0111\u1ea3m b\u1ea3o \u2013 Th\u1ee7 t\u1ee5c nhanh v\u00e0 \u0111\u01a1n gi\u1ea3n.<\/li>\n<li>Nh\u00e2n vi\u00ean nhi\u00ea\u0323t ti\u0300nh, t\u01b0 v\u00e2\u0301n chuy\u00ean nghi\u00ea\u0323p v\u01a1\u0301i g\u00e2\u0300n 20 n\u0103m kinh nghi\u00ea\u0323m<\/li>\n<li>Th\u1ee7 t\u1ee5c vay v\u1ed1n \u0111\u01a1n gi\u1ea3n, nhanh g\u1ecdn v\u1edbi l\u00e3i su\u1ea5t \u01b0u \u0111\u00e3i th\u00e2\u0301p(Vay t\u1edbi 70% \u2013 80% tr\u1ecb gi\u00e1 xe)<\/li>\n<li>D\u1ecbch v\u1ee5 b\u1ea3o h\u00e0nh b\u1ea3o d\u01b0\u1ee1ng chuy\u00ean nghi\u1ec7p<\/li>\n<li>Ph\u1ee5 t\u00f9ng ch\u00ednh h\u00e3ng<\/li>\n<li>D\u1ecbch v\u1ee5 \u0111\u0103ng k\u00fd, \u0111\u0103ng ki\u1ec3m, c\u1ea3i t\u1ea1o \u0111\u00f3ng th\u00f9ng theo y\u00eau c\u00e2\u0300u<\/li>\n<\/ul>\n<h2>\u0110i\u0323a chi\u0309: Nam H\u1ed3ng, \u0110\u00f4ng Anh, H\u00e0 N\u1ed9i<\/h2>\n<h2>Hotline\u00a0: \u00a0\u00a0<strong>0917.017.678<\/strong><\/h2>\n<h2>Website:\u00a0<a href=\"https:\/\/xetai-nhapkhau.com\/\">xetai-nhapkhau.com<\/a><\/h2>\n<h2>FANPAGE: <a href=\"https:\/\/www.facebook.com\/tongdailyisuzumienbac\/?modal=admin_todo_tour\">T\u1ed5ng \u0110\u1ea1i L\u00fd Xe T\u1ea3i Mi\u1ec1n B\u1eafc<\/a><\/h2>\n<\/div>\n<\/div>\n<\/div>\n<\/div>\n<\/div>\n<\/div>\n<\/div>\n","protected":false},"excerpt":{"rendered":"<p><strong>Xe t\u1ea3i ISUZU QKR 230 \u0110\u00d4NG L\u1ea0NH<\/strong><\/p>\n<ul>\n<li><strong>\u0110\u1ed9ng c\u01a1 : 4JH1E4NC<\/strong><\/li>\n<li><strong>Th\u00f9ng xe : th\u00f9ng \u0111\u00f4ng l\u1ea1nh<\/strong><\/li>\n<li><strong>T\u1ea3i tr\u1ecdng : 1400 Kg ho\u1eb7c 2150 Kg<\/strong><\/li>\n<li><strong>K\u00edch th\u01b0\u1edbc xe : 5410x1870x2850mm<\/strong><\/li>\n<li><strong>K\u00edch th\u00f9ng : 3520x1720x1780mm<\/strong><\/li>\n<li><strong>Ngu\u1ed3n g\u1ed1c : Vi\u1ec7t Nam \u2013 Nh\u1eadt B\u1ea3n<\/strong><\/li>\n<li><strong>Gi\u00e1 tham kh\u1ea3o : 720.000.000 VN\u0110<\/strong><\/li>\n<\/ul>\n","protected":false},"featured_media":291,"comment_status":"open","ping_status":"closed","template":"","meta":[],"product_cat":[15],"product_tag":[42],"class_list":{"0":"post-178","1":"product","2":"type-product","3":"status-publish","4":"has-post-thumbnail","6":"product_cat-xe-dong-lanh","7":"product_tag-isuzu-qkr-230-dong-lanh","9":"first","10":"instock","11":"sale","12":"shipping-taxable","13":"product-type-external"},"yoast_head":"<!-- This site is optimized with the Yoast SEO plugin v15.2 - https:\/\/yoast.com\/wordpress\/plugins\/seo\/ -->\n<title>ISUZU QKR 230 \u0110\u00d4NG L\u1ea0NH 1.4T ho\u1eb7c 2.15T - xetai-nhapkhau.com<\/title>\n<meta name=\"description\" content=\"ISUZU QKR 230 \u0110\u00d4NG L\u1ea0NH L\u00c0 D\u00d2NG XE T\u1ea2I \u0110\u00d4NG L\u1ea0NH TI\u1ec6N D\u1ee4NG CHO NHU C\u1ea6U CH\u1ede H\u00c0NG \u1ea6N \u0110\u01af\u1ee2C B\u1ea2O QU\u1ea2N \u0110\u00d4NG L\u1ea0NH \u0110\u01af\u1ee2C ISUZU PH\u00c1T TRI\u1ec2N M\u1ea0NH\" \/>\n<meta name=\"robots\" content=\"index, follow, max-snippet:-1, max-image-preview:large, max-video-preview:-1\" \/>\n<link rel=\"canonical\" href=\"https:\/\/xetai-nhapkhau.com\/?product=isuzu-qkr77fe4-dong-lanh-1-4t-hoac-2-15t\" \/>\n<meta property=\"og:locale\" content=\"vi_VN\" \/>\n<meta property=\"og:type\" content=\"article\" \/>\n<meta property=\"og:title\" content=\"ISUZU QKR 230 \u0110\u00d4NG L\u1ea0NH 1.4T ho\u1eb7c 2.15T - xetai-nhapkhau.com\" \/>\n<meta property=\"og:description\" content=\"ISUZU QKR 230 \u0110\u00d4NG L\u1ea0NH L\u00c0 D\u00d2NG XE T\u1ea2I \u0110\u00d4NG L\u1ea0NH TI\u1ec6N D\u1ee4NG CHO NHU C\u1ea6U CH\u1ede H\u00c0NG \u1ea6N \u0110\u01af\u1ee2C B\u1ea2O QU\u1ea2N \u0110\u00d4NG L\u1ea0NH \u0110\u01af\u1ee2C ISUZU PH\u00c1T TRI\u1ec2N M\u1ea0NH\" \/>\n<meta property=\"og:url\" content=\"https:\/\/xetai-nhapkhau.com\/?product=isuzu-qkr77fe4-dong-lanh-1-4t-hoac-2-15t\" \/>\n<meta property=\"og:site_name\" content=\"xetai-nhapkhau.com\" \/>\n<meta property=\"article:modified_time\" content=\"2022-10-27T04:48:46+00:00\" \/>\n<meta property=\"og:image\" content=\"https:\/\/xetai-nhapkhau.com\/wp-content\/uploads\/2020\/11\/qkr.jpg\" \/>\n\t<meta property=\"og:image:width\" content=\"1276\" \/>\n\t<meta property=\"og:image:height\" content=\"956\" \/>\n<meta name=\"twitter:card\" content=\"summary_large_image\" \/>\n<meta name=\"twitter:label1\" value=\"Written by\">\n\t<meta name=\"twitter:data1\" value=\"B\u00f9i \u0110\u1ea1i\">\n\t<meta name=\"twitter:label2\" value=\"Est. reading time\">\n\t<meta name=\"twitter:data2\" value=\"3 ph\u00fat\">\n<script type=\"application\/ld+json\" class=\"yoast-schema-graph\">{\"@context\":\"https:\/\/schema.org\",\"@graph\":[{\"@type\":\"WebSite\",\"@id\":\"https:\/\/xetai-nhapkhau.com\/#website\",\"url\":\"https:\/\/xetai-nhapkhau.com\/\",\"name\":\"xetai-nhapkhau.com\",\"description\":\"Xe T\\u1ea3i Nh\\u1eadp Kh\\u1ea9u\",\"potentialAction\":[{\"@type\":\"SearchAction\",\"target\":\"https:\/\/xetai-nhapkhau.com\/?s={search_term_string}\",\"query-input\":\"required name=search_term_string\"}],\"inLanguage\":\"vi\"},{\"@type\":\"ImageObject\",\"@id\":\"https:\/\/xetai-nhapkhau.com\/?product=isuzu-qkr77fe4-dong-lanh-1-4t-hoac-2-15t#primaryimage\",\"inLanguage\":\"vi\",\"url\":\"https:\/\/xetai-nhapkhau.com\/wp-content\/uploads\/2020\/11\/qkr.jpg\",\"width\":1276,\"height\":956,\"caption\":\"ISUZU QKR 230 \\u0110\\u00d4NG L\\u1ea0NH\"},{\"@type\":\"WebPage\",\"@id\":\"https:\/\/xetai-nhapkhau.com\/?product=isuzu-qkr77fe4-dong-lanh-1-4t-hoac-2-15t#webpage\",\"url\":\"https:\/\/xetai-nhapkhau.com\/?product=isuzu-qkr77fe4-dong-lanh-1-4t-hoac-2-15t\",\"name\":\"ISUZU QKR 230 \\u0110\\u00d4NG L\\u1ea0NH 1.4T ho\\u1eb7c 2.15T - xetai-nhapkhau.com\",\"isPartOf\":{\"@id\":\"https:\/\/xetai-nhapkhau.com\/#website\"},\"primaryImageOfPage\":{\"@id\":\"https:\/\/xetai-nhapkhau.com\/?product=isuzu-qkr77fe4-dong-lanh-1-4t-hoac-2-15t#primaryimage\"},\"datePublished\":\"2020-11-06T03:06:01+00:00\",\"dateModified\":\"2022-10-27T04:48:46+00:00\",\"description\":\"ISUZU QKR 230 \\u0110\\u00d4NG L\\u1ea0NH L\\u00c0 D\\u00d2NG XE T\\u1ea2I \\u0110\\u00d4NG L\\u1ea0NH TI\\u1ec6N D\\u1ee4NG CHO NHU C\\u1ea6U CH\\u1ede H\\u00c0NG \\u1ea6N \\u0110\\u01af\\u1ee2C B\\u1ea2O QU\\u1ea2N \\u0110\\u00d4NG L\\u1ea0NH \\u0110\\u01af\\u1ee2C ISUZU PH\\u00c1T TRI\\u1ec2N M\\u1ea0NH\",\"inLanguage\":\"vi\",\"potentialAction\":[{\"@type\":\"ReadAction\",\"target\":[\"https:\/\/xetai-nhapkhau.com\/?product=isuzu-qkr77fe4-dong-lanh-1-4t-hoac-2-15t\"]}]}]}<\/script>\n<!-- \/ Yoast SEO plugin. -->","_links":{"self":[{"href":"https:\/\/xetai-nhapkhau.com\/index.php?rest_route=\/wp\/v2\/product\/178","targetHints":{"allow":["GET"]}}],"collection":[{"href":"https:\/\/xetai-nhapkhau.com\/index.php?rest_route=\/wp\/v2\/product"}],"about":[{"href":"https:\/\/xetai-nhapkhau.com\/index.php?rest_route=\/wp\/v2\/types\/product"}],"replies":[{"embeddable":true,"href":"https:\/\/xetai-nhapkhau.com\/index.php?rest_route=%2Fwp%2Fv2%2Fcomments&post=178"}],"wp:featuredmedia":[{"embeddable":true,"href":"https:\/\/xetai-nhapkhau.com\/index.php?rest_route=\/wp\/v2\/media\/291"}],"wp:attachment":[{"href":"https:\/\/xetai-nhapkhau.com\/index.php?rest_route=%2Fwp%2Fv2%2Fmedia&parent=178"}],"wp:term":[{"taxonomy":"product_cat","embeddable":true,"href":"https:\/\/xetai-nhapkhau.com\/index.php?rest_route=%2Fwp%2Fv2%2Fproduct_cat&post=178"},{"taxonomy":"product_tag","embeddable":true,"href":"https:\/\/xetai-nhapkhau.com\/index.php?rest_route=%2Fwp%2Fv2%2Fproduct_tag&post=178"}],"curies":[{"name":"wp","href":"https:\/\/api.w.org\/{rel}","templated":true}]}}