{"id":337,"date":"2025-05-22T08:38:05","date_gmt":"2025-05-22T01:38:05","guid":{"rendered":"https:\/\/xetai-nhapkhau.com\/?post_type=product&#038;p=337"},"modified":"2025-05-26T11:13:22","modified_gmt":"2025-05-26T04:13:22","slug":"dau-keo-isuzu-exz","status":"publish","type":"product","link":"https:\/\/xetai-nhapkhau.com\/?product=dau-keo-isuzu-exz","title":{"rendered":"\u0110\u1ea7u k\u00e9o ISUZU EXZ 6&#215;4 m\u00e1y 380PS ho\u1eb7c 420PS"},"content":{"rendered":"<div class=\"container-1200\">\n<div class=\"product-heading\">\n<h1>Xe \u0111\u1ea7u k\u00e9o ISUZU EXZ 6\u00d74 420Ps Nh\u1eadp kh\u1ea9u t\u1eeb th\u1ecb tr\u01b0\u1eddng Trung Qu\u1ed1c m\u1edbi nh\u1ea5t<\/h1>\n<blockquote><p>Xe \u0111\u1ea7u k\u00e9o ISUZU EXZ 6\u00d74 420Ps l\u00e0 phi\u00ean b\u1ea3n cao c\u1ea5p h\u01a1n so v\u1edbi b\u1ea3n 380 m\u00e3 l\u1ef1c, V\u1edbi kh\u1ed1i \u0111\u1ed9ng c\u01a1 6WG1-TCG52 th\u1ebf h\u1ec7 m\u1edbi s\u1ea3n sinh c\u00f4ng su\u1ea5t 420 m\u00e3 l\u1ef1c m\u1ea1nh m\u1ebd v\u00e0 ti\u1ebft ki\u1ec7m nhi\u00ean li\u1ec7u. V\u00e0 c\u00f3 th\u00eam 1 l\u01b0u \u00fd l\u00e0 \u1edf th\u1ebf h\u1ec7 \u0111\u1ec1u s\u1eed d\u1ee5ng dung d\u1ecbch kh\u1eed th\u1ea3i tr\u1ef1c ti\u1ebfp b\u1eb1ng ure \u0111\u1ec3 \u0111\u1ea1t Euro5.<\/p><\/blockquote>\n<h3 class=\"heading\">kh\u00e1i qu\u00e1t<\/h3>\n<h4 class=\"h-model\">lo\u1ea1i Xe \u0111\u1ea7u k\u00e9o ISUZU EXZ &#8211; 6&#215;4 &#8211; 420PS<\/h4>\n<\/div>\n<\/div>\n<div class=\"container-1200\">\n<div class=\"content\">\n<div class=\"row-15\">\n<div class=\"col-50\">\n<table class=\"table\">\n<tbody>\n<tr>\n<td><strong>Kh\u1ed1i l\u01b0\u1ee3ng to\u00e0n b\u1ed9 cho ph\u00e9p<\/strong><\/td>\n<td>24,000 (Kg)<\/td>\n<\/tr>\n<tr>\n<td><strong>T\u1ed5ng t\u1ea3i tr\u1ecdng t\u1ed5 h\u1ee3p<\/strong><\/td>\n<td>48,000 (Kg)<\/td>\n<\/tr>\n<tr>\n<td><strong>Kh\u1ed1i l\u01b0\u1ee3ng k\u00e9o theo thi\u1ebft k\u1ebf \/ cho ph\u00e9p l\u1edbn nh\u1ea5t<\/strong><\/td>\n<td>40,000 \/ 38,770 (Kg)<\/td>\n<\/tr>\n<tr>\n<td><strong>C\u00f4ng su\u1ea5t c\u1ef1c \u0111\u1ea1i<\/strong><\/td>\n<td>420 (309) \/ 1,800 Ps(Kw)\/rpm<\/td>\n<\/tr>\n<tr>\n<td><strong>Mo-men xo\u1eafn c\u1ef1c \u0111\u1ea1i<\/strong><\/td>\n<td>2,060\/830~1,400 Nm\/rpm<\/td>\n<\/tr>\n<tr>\n<td><strong>Ti\u00eau chu\u1ea9n kh\u00ed th\u1ea3i<\/strong><\/td>\n<td>Euro 5<\/td>\n<\/tr>\n<tr>\n<td><strong>T\u00ean nh\u00e0 s\u1ea3n xu\u1ea5t<\/strong><\/td>\n<td>QINGLING MOTORS CO., LTD<\/td>\n<\/tr>\n<tr>\n<td><strong>\u0110\u1ecba ch\u1ec9 nh\u00e0 s\u1ea3n xu\u1ea5t<\/strong><\/td>\n<td>S\u1ed11, \u0111\u01b0\u1eddng Xiexing, Zhong Liang Shan, qu\u1eadn Jiu Long Po 400052, ChongQing (Trung Qu\u1ed1c)<\/td>\n<\/tr>\n<tr>\n<td><strong>\u0110\u1ecba ch\u1ec9 nh\u00e0 s\u1ea3n xu\u1ea5t<\/strong><\/td>\n<td>China<\/td>\n<\/tr>\n<tr>\n<td><strong>Ngu\u1ed3n g\u1ed1c<\/strong><\/td>\n<td>Trung Qu\u1ed1c<\/td>\n<\/tr>\n<\/tbody>\n<\/table>\n<h2>K\u00edch th\u01b0\u1edbc xe \u0111\u1ea7u k\u00e9o isuzu EXZ<\/h2>\n<table class=\"table\">\n<tbody>\n<tr>\n<td>K\u00edch th\u01b0\u1edbc t\u1ed5ng th\u1ec3<\/td>\n<td>mm<\/td>\n<td>6,895 x 2,500 x 3,970<\/td>\n<\/tr>\n<tr>\n<td>Chi\u1ec1u d\u00e0i c\u01a1 s\u1edf<\/td>\n<td>mm<\/td>\n<td>3,385 + 1,370<\/td>\n<\/tr>\n<tr>\n<td>V\u1ec7t b\u00e1nh xe tr\u01b0\u1edbc -sau<\/td>\n<td>mm<\/td>\n<td>2,065 \/ 1,875<\/td>\n<\/tr>\n<\/tbody>\n<\/table>\n<table class=\"table\">\n<tbody>\n<tr>\n<td>Lo\u1ea1i<\/td>\n<td><\/td>\n<td>6WG1-TCG52<\/td>\n<\/tr>\n<tr>\n<td>Ki\u1ec3u<\/td>\n<td><\/td>\n<td>4 k\u1ef3, 6 xy lanh th\u1eb3ng h\u00e0ng, t\u0103ng \u00e1p, l\u00e0m m\u00e1t kh\u00ed n\u1ea1p<\/td>\n<\/tr>\n<tr>\n<td>Ti\u00eau chu\u1ea9n kh\u00ed th\u1ea3i<\/td>\n<td><\/td>\n<td>EURO 5<\/td>\n<\/tr>\n<tr>\n<td>\u0110\u01b0\u1eddng k\u00ednh v\u00e0 h\u00e0nh tr\u00ecnh piston<\/td>\n<td>mm<\/td>\n<td>147 x 154<\/td>\n<\/tr>\n<tr>\n<td>Dung t\u00edch xy lanh<\/td>\n<td>cc<\/td>\n<td>15,681<\/td>\n<\/tr>\n<tr>\n<td>C\u00f4ng su\u1ea5t c\u1ef1c \u0111\u1ea1i<\/td>\n<td>PS(kW)\/rpm<\/td>\n<td>420(309)\/1,800<\/td>\n<\/tr>\n<tr>\n<td>M\u00f4 -men xo\u1eafn c\u1ef1c \u0111\u1ea1i<\/td>\n<td>Nm\/rpm<\/td>\n<td>2,060\/830~1,400<\/td>\n<\/tr>\n<tr>\n<td>H\u1ed9p s\u1ed1<\/td>\n<td><\/td>\n<td>\n<div class=\"ewa-rteLine\">ZF16 (16S2230TO)<\/div>\n<div class=\"ewa-rteLine\">16 s\u1ed1 ti\u1ebfn, 2 s\u1ed1 l\u00f9i<\/div>\n<\/td>\n<\/tr>\n<tr>\n<td>T\u1ef7 s\u1ed1 truy\u1ec1n cu\u1ed1i<\/td>\n<td><\/td>\n<td>3.909<\/td>\n<\/tr>\n<tr>\n<td>G\u00e0i c\u1ea7u \u0111i\u1ec7n t\u1eed<\/td>\n<td><\/td>\n<td>C\u00f3<\/td>\n<\/tr>\n<tr>\n<td>C\u00f4ng th\u1ee9c b\u00e1nh xe<\/td>\n<td><\/td>\n<td>6\u00d74<\/td>\n<\/tr>\n<\/tbody>\n<\/table>\n<h2>H\u1ec7 th\u1ed1ng c\u01a1 b\u1ea3n tr\u00ean xe \u0111\u1ea7u k\u00e9o ISUZU EXZ<\/h2>\n<table class=\"table\">\n<tbody>\n<tr>\n<td>H\u1ec7 th\u1ed1ng l\u00e1i<\/td>\n<td>Tr\u1ee5c v\u00edt \u2013 \u00ea cu bi tr\u1ee3 l\u1ef1c th\u1ee7y l\u1ef1c<\/td>\n<\/tr>\n<tr>\n<td>H\u1ec7 th\u1ed1ng treo<\/td>\n<td>Nh\u00edp l\u00e1, gi\u1ea3m ch\u1ea5n th\u1ee7y l\u1ef1c<\/td>\n<\/tr>\n<tr>\n<td>H\u1ec7 th\u1ed1ng phanh<\/td>\n<td>Phanh kh\u00ed n\u00e9n, tang tr\u1ed1ng<\/td>\n<\/tr>\n<tr>\n<td>L\u1ed1p xe<\/td>\n<td>12R22.5 \u2013 18PR<\/td>\n<\/tr>\n<tr>\n<td>M\u00e1y ph\u00e1t<\/td>\n<td>24V-60A<\/td>\n<\/tr>\n<tr>\n<td>\u1eaec quy<\/td>\n<td>12V-120Ah x 02<\/td>\n<\/tr>\n<\/tbody>\n<\/table>\n<table class=\"table\">\n<tbody>\n<tr>\n<td>Gh\u1ebf h\u01a1i t\u00e0i x\u1ebf<\/td>\n<td>C\u00f3<\/td>\n<\/tr>\n<tr>\n<td>Kh\u00f3a c\u1eeda trung t\u00e2m<\/td>\n<td>C\u00f3<\/td>\n<\/tr>\n<tr>\n<td>N\u00e2ng h\u1ea1 k\u00ednh \u0111i\u1ec7n m\u1ed9t ch\u1ea1m<\/td>\n<td>C\u00f3<\/td>\n<\/tr>\n<tr>\n<td>G\u01b0\u01a1ng chi\u1ebfu h\u1eadu ch\u1ec9nh \u0111i\u1ec7n, c\u00f3 s\u1ea5y g\u01b0\u01a1ng<\/td>\n<td>C\u00f3<\/td>\n<\/tr>\n<tr>\n<td>\u0110i\u1ec1u ch\u1ec9nh \u0111\u1ed9 cao \u0111\u00e8n chi\u1ebfu s\u00e1ng<\/td>\n<td>C\u00f3<\/td>\n<\/tr>\n<tr>\n<td>\u0110i\u1ec1u h\u00f2a<\/td>\n<td>C\u00f3<\/td>\n<\/tr>\n<tr>\n<td>USB-MP3, AM\/FM Radio<\/td>\n<td>C\u00f3<\/td>\n<\/tr>\n<tr>\n<td>C\u1ed5ng s\u1ea1c USB<\/td>\n<td>C\u00f3<\/td>\n<\/tr>\n<tr>\n<td>Gi\u01b0\u1eddng t\u1ea7ng<\/td>\n<td>C\u00f3<\/td>\n<\/tr>\n<tr>\n<td>H\u1ed9c ch\u1ee9a \u0111\u1ed3 tr\u00ean tr\u1ea7n<\/td>\n<td>C\u00f3<\/td>\n<\/tr>\n<tr>\n<td>B\u00e0n \u0111\u1ea7u gi\u01b0\u1eddng<\/td>\n<td>C\u00f3<\/td>\n<\/tr>\n<tr>\n<td>\u0110\u00e8n cabin<\/td>\n<td>C\u00f3<\/td>\n<\/tr>\n<tr>\n<td>\u0110\u00e8n \u0111\u1ecdc s\u00e1ch<\/td>\n<td>C\u00f3<\/td>\n<\/tr>\n<\/tbody>\n<\/table>\n<table class=\"table\">\n<tbody>\n<tr>\n<td>H\u1ec7 th\u1ed1ng ch\u1ed1ng b\u00f3 c\u1ee9ng phanh<\/td>\n<td>C\u00f3<\/td>\n<\/tr>\n<tr>\n<td>Ki\u1ec3m so\u00e1t h\u00e0nh tr\u00ecnh<\/td>\n<td>C\u00f3<\/td>\n<\/tr>\n<tr>\n<td>Gi\u1edbi h\u1ea1n t\u1ed1c \u0111\u1ed9<\/td>\n<td>C\u00f3<\/td>\n<\/tr>\n<tr>\n<td>D\u00e2y \u0111ai an to\u00e0n 3 \u0111i\u1ec3m<\/td>\n<td>C\u00f3<\/td>\n<\/tr>\n<tr>\n<td>Phanh kh\u00ed x\u1ea3<\/td>\n<td>C\u00f3<\/td>\n<\/tr>\n<tr>\n<td>Phanh \u0111\u1ed7 r\u01a1-mo\u00f3c<\/td>\n<td>C\u00f3<\/td>\n<\/tr>\n<\/tbody>\n<\/table>\n<h3 style=\"font-weight: 500\"><b><strong>Nh\u1eefng \u01afu \u0110i\u1ec3m N\u1ed5i B\u1eadt C\u1ee7a Xe.<\/strong><\/b><\/h3>\n<ul>\n<li>Gi\u00e1 c\u1ea3 h\u1ee3p l\u00fd \u2013 Ch\u1ea5t l\u01b0\u1ee3ng \u0111\u1ea3m b\u1ea3o \u2013 Th\u1ee7 t\u1ee5c nhanh v\u00e0 \u0111\u01a1n gi\u1ea3n.<\/li>\n<li>Nh\u00e2n vi\u00ean nhi\u00ea\u0323t ti\u0300nh, t\u01b0 v\u00e2\u0301n chuy\u00ean nghi\u00ea\u0323p v\u01a1\u0301i g\u00e2\u0300n 20 n\u0103m kinh nghi\u00ea\u0323m<\/li>\n<li>Th\u1ee7 t\u1ee5c vay v\u1ed1n \u0111\u01a1n gi\u1ea3n, nhanh g\u1ecdn v\u1edbi l\u00e3i su\u1ea5t \u01b0u \u0111\u00e3i th\u00e2\u0301p(Vay t\u1edbi 70% \u2013 80% tr\u1ecb gi\u00e1 xe)<\/li>\n<li>D\u1ecbch v\u1ee5 b\u1ea3o h\u00e0nh b\u1ea3o d\u01b0\u1ee1ng chuy\u00ean nghi\u1ec7p<\/li>\n<li>Ph\u1ee5 t\u00f9ng ch\u00ednh h\u00e3ng<\/li>\n<li>D\u1ecbch v\u1ee5 \u0111\u0103ng k\u00fd, \u0111\u0103ng ki\u1ec3m, c\u1ea3i t\u1ea1o \u0111\u00f3ng th\u00f9ng theo y\u00eau c\u00e2\u0300u<\/li>\n<\/ul>\n<h4>\u0110i\u0323a chi\u0309: H\u00e0 N\u1ed9i, H\u01b0ng Y\u00ean<\/h4>\n<h4>Hotline\u00a0: \u00a0\u00a0<strong>0917.017.678<\/strong><\/h4>\n<h4>Website:\u00a0<a href=\"https:\/\/xetai-nhapkhau.com\/\">xetai-nhapkhau.com<\/a><\/h4>\n<h4>FANPAGE: <a href=\"https:\/\/www.facebook.com\/tongdailyisuzumienbac\/?modal=admin_todo_tour\">T\u1ed5ng \u0110\u1ea1i L\u00fd Xe T\u1ea3i Mi\u1ec1n B\u1eafc<\/a><\/h4>\n<\/div>\n<\/div>\n<\/div>\n<\/div>\n","protected":false},"excerpt":{"rendered":"<div class=\"container-1200\">\n<div class=\"product-heading\">\n<h1 class=\"product-title product_title entry-title\">Xe \u0111\u1ea7u k\u00e9o ISUZU EXZ 6\u00d74 420Ps Nh\u1eadp kh\u1ea9u<\/h1>\n<div class=\"product-short-description\">\n<table width=\"576\">\n<tbody>\n<tr>\n<td width=\"284\"><strong>Kh\u1ed1i l\u01b0\u1ee3ng to\u00e0n b\u1ed9 cho ph\u00e9p<\/strong><\/td>\n<td width=\"291\">24,000 (Kg)<\/td>\n<\/tr>\n<tr>\n<td width=\"284\"><strong>T\u1ed5ng t\u1ea3i tr\u1ecdng t\u1ed5 h\u1ee3p<\/strong><\/td>\n<td width=\"291\">48,000 (Kg)<\/td>\n<\/tr>\n<tr>\n<td width=\"284\"><strong>Kh\u1ed1i l\u01b0\u1ee3ng k\u00e9o theo thi\u1ebft k\u1ebf \/ cho ph\u00e9p l\u1edbn nh\u1ea5t<\/strong><\/td>\n<td width=\"291\">40,000 \/ 38,770 (Kg)<\/td>\n<\/tr>\n<tr>\n<td width=\"284\"><strong>C\u00f4ng su\u1ea5t c\u1ef1c \u0111\u1ea1i<\/strong><\/td>\n<td width=\"291\">420 (309) \/ 1,800 Ps(Kw)\/rpm<\/td>\n<\/tr>\n<tr>\n<td width=\"284\"><strong>Mo-men xo\u1eafn c\u1ef1c \u0111\u1ea1i<\/strong><\/td>\n<td width=\"291\">2,060\/830~1,400 Nm\/rpm<\/td>\n<\/tr>\n<tr>\n<td width=\"284\"><strong>Ti\u00eau chu\u1ea9n kh\u00ed th\u1ea3i<\/strong><\/td>\n<td width=\"291\">Euro 5<\/td>\n<\/tr>\n<tr>\n<td width=\"284\"><strong>T\u00ean nh\u00e0 s\u1ea3n xu\u1ea5t<\/strong><\/td>\n<td width=\"291\">QINGLING MOTORS CO., LTD<\/td>\n<\/tr>\n<tr>\n<td width=\"284\"><strong>\u0110\u1ecba ch\u1ec9 nh\u00e0 s\u1ea3n xu\u1ea5t<\/strong><\/td>\n<td width=\"291\">S\u1ed11, \u0111\u01b0\u1eddng Xiexing, Zhong Liang Shan, qu\u1eadn Jiu Long Po 400052, ChongQing (Trung Qu\u1ed1c)<\/td>\n<\/tr>\n<tr>\n<td width=\"284\"><strong>\u0110\u1ecba ch\u1ec9 nh\u00e0 s\u1ea3n xu\u1ea5t<\/strong><\/td>\n<td width=\"291\">China<\/td>\n<\/tr>\n<tr>\n<td width=\"284\"><strong>Ngu\u1ed3n g\u1ed1c<\/strong><\/td>\n<td width=\"291\">Trung Qu\u1ed1c<\/td>\n<\/tr>\n<tr>\n<td width=\"284\"><strong>Gi\u00e1 b\u00e1n l\u1ebb \u0111\u1ec1 xu\u1ea5t<\/strong><\/td>\n<td width=\"291\"><strong>1,747,440,000 VN\u0110<\/strong><\/td>\n<\/tr>\n<\/tbody>\n<\/table>\n<\/div>\n<\/div>\n<\/div>\n<div class=\"container-1200\">\n<div class=\"content\">\n<div class=\"row-15\">\n<div class=\"col-50\"><\/div>\n<\/div>\n<\/div>\n<\/div>\n","protected":false},"featured_media":338,"comment_status":"open","ping_status":"closed","template":"","meta":[],"product_cat":[18],"product_tag":[77,76,75],"class_list":{"0":"post-337","1":"product","2":"type-product","3":"status-publish","4":"has-post-thumbnail","6":"product_cat-xe-tai-isuzu","7":"product_tag-dau-keo-isuzu","8":"product_tag-dau-keo-isuzu-exz","9":"product_tag-xe-dau-keo-isuzu","11":"first","12":"instock","13":"sale","14":"shipping-taxable","15":"purchasable","16":"product-type-simple"},"yoast_head":"<!-- This site is optimized with the Yoast SEO plugin v15.2 - https:\/\/yoast.com\/wordpress\/plugins\/seo\/ -->\n<title>\u0110\u1ea7u k\u00e9o ISUZU EXZ 6x4 m\u00e1y 380PS ho\u1eb7c 420PS - xetai-nhapkhau.com<\/title>\n<meta name=\"robots\" content=\"index, follow, max-snippet:-1, max-image-preview:large, max-video-preview:-1\" \/>\n<link rel=\"canonical\" href=\"https:\/\/xetai-nhapkhau.com\/?product=dau-keo-isuzu-exz\" \/>\n<meta property=\"og:locale\" content=\"vi_VN\" \/>\n<meta property=\"og:type\" content=\"article\" \/>\n<meta property=\"og:title\" content=\"\u0110\u1ea7u k\u00e9o ISUZU EXZ 6x4 m\u00e1y 380PS ho\u1eb7c 420PS - xetai-nhapkhau.com\" \/>\n<meta property=\"og:description\" content=\"Xe \u0111\u1ea7u k\u00e9o ISUZU EXZ 6\u00d74 420Ps Nh\u1eadp kh\u1ea9u     Kh\u1ed1i l\u01b0\u1ee3ng to\u00e0n b\u1ed9 cho ph\u00e9p 24,000 (Kg)   T\u1ed5ng t\u1ea3i tr\u1ecdng t\u1ed5 h\u1ee3p 48,000 (Kg)   Kh\u1ed1i l\u01b0\u1ee3ng k\u00e9o theo thi\u1ebft k\u1ebf \/ cho ph\u00e9p l\u1edbn nh\u1ea5t 40,000 \/ 38,770 (Kg)   C\u00f4ng su\u1ea5t c\u1ef1c \u0111\u1ea1i 420 (309) \/ 1,800 Ps(Kw)\/rpm   Mo-men xo\u1eafn c\u1ef1c \u0111\u1ea1i 2,060\/830~1,400 Nm\/rpm   Ti\u00eau chu\u1ea9n kh\u00ed th\u1ea3i Euro 5   T\u00ean nh\u00e0 s\u1ea3n xu\u1ea5t QINGLING MOTORS CO., LTD   \u0110\u1ecba ch\u1ec9 nh\u00e0 s\u1ea3n xu\u1ea5t S\u1ed11, \u0111\u01b0\u1eddng Xiexing, Zhong Liang Shan, qu\u1eadn Jiu Long Po 400052, ChongQing (Trung Qu\u1ed1c)   \u0110\u1ecba ch\u1ec9 nh\u00e0 s\u1ea3n xu\u1ea5t China   Ngu\u1ed3n g\u1ed1c Trung Qu\u1ed1c   Gi\u00e1 b\u00e1n l\u1ebb \u0111\u1ec1 xu\u1ea5t 1,747,440,000 VN\u0110\" \/>\n<meta property=\"og:url\" content=\"https:\/\/xetai-nhapkhau.com\/?product=dau-keo-isuzu-exz\" \/>\n<meta property=\"og:site_name\" content=\"xetai-nhapkhau.com\" \/>\n<meta property=\"article:modified_time\" content=\"2025-05-26T04:13:22+00:00\" \/>\n<meta property=\"og:image\" content=\"https:\/\/xetai-nhapkhau.com\/wp-content\/uploads\/2025\/05\/EXZ-420Ps.jpg\" \/>\n\t<meta property=\"og:image:width\" content=\"855\" \/>\n\t<meta property=\"og:image:height\" content=\"1013\" \/>\n<meta name=\"twitter:card\" content=\"summary_large_image\" \/>\n<meta name=\"twitter:label1\" value=\"Written by\">\n\t<meta name=\"twitter:data1\" value=\"B\u00f9i \u0110\u1ea1i\">\n\t<meta name=\"twitter:label2\" value=\"Est. reading time\">\n\t<meta name=\"twitter:data2\" value=\"3 ph\u00fat\">\n<script type=\"application\/ld+json\" class=\"yoast-schema-graph\">{\"@context\":\"https:\/\/schema.org\",\"@graph\":[{\"@type\":\"WebSite\",\"@id\":\"https:\/\/xetai-nhapkhau.com\/#website\",\"url\":\"https:\/\/xetai-nhapkhau.com\/\",\"name\":\"xetai-nhapkhau.com\",\"description\":\"Xe T\\u1ea3i Nh\\u1eadp Kh\\u1ea9u\",\"potentialAction\":[{\"@type\":\"SearchAction\",\"target\":\"https:\/\/xetai-nhapkhau.com\/?s={search_term_string}\",\"query-input\":\"required name=search_term_string\"}],\"inLanguage\":\"vi\"},{\"@type\":\"ImageObject\",\"@id\":\"https:\/\/xetai-nhapkhau.com\/?product=dau-keo-isuzu-exz#primaryimage\",\"inLanguage\":\"vi\",\"url\":\"https:\/\/xetai-nhapkhau.com\/wp-content\/uploads\/2025\/05\/EXZ-420Ps.jpg\",\"width\":855,\"height\":1013,\"caption\":\"\\u0111\\u1ea7u k\\u00e9o isuzu\"},{\"@type\":\"WebPage\",\"@id\":\"https:\/\/xetai-nhapkhau.com\/?product=dau-keo-isuzu-exz#webpage\",\"url\":\"https:\/\/xetai-nhapkhau.com\/?product=dau-keo-isuzu-exz\",\"name\":\"\\u0110\\u1ea7u k\\u00e9o ISUZU EXZ 6x4 m\\u00e1y 380PS ho\\u1eb7c 420PS - xetai-nhapkhau.com\",\"isPartOf\":{\"@id\":\"https:\/\/xetai-nhapkhau.com\/#website\"},\"primaryImageOfPage\":{\"@id\":\"https:\/\/xetai-nhapkhau.com\/?product=dau-keo-isuzu-exz#primaryimage\"},\"datePublished\":\"2025-05-22T01:38:05+00:00\",\"dateModified\":\"2025-05-26T04:13:22+00:00\",\"inLanguage\":\"vi\",\"potentialAction\":[{\"@type\":\"ReadAction\",\"target\":[\"https:\/\/xetai-nhapkhau.com\/?product=dau-keo-isuzu-exz\"]}]}]}<\/script>\n<!-- \/ Yoast SEO plugin. -->","_links":{"self":[{"href":"https:\/\/xetai-nhapkhau.com\/index.php?rest_route=\/wp\/v2\/product\/337","targetHints":{"allow":["GET"]}}],"collection":[{"href":"https:\/\/xetai-nhapkhau.com\/index.php?rest_route=\/wp\/v2\/product"}],"about":[{"href":"https:\/\/xetai-nhapkhau.com\/index.php?rest_route=\/wp\/v2\/types\/product"}],"replies":[{"embeddable":true,"href":"https:\/\/xetai-nhapkhau.com\/index.php?rest_route=%2Fwp%2Fv2%2Fcomments&post=337"}],"wp:featuredmedia":[{"embeddable":true,"href":"https:\/\/xetai-nhapkhau.com\/index.php?rest_route=\/wp\/v2\/media\/338"}],"wp:attachment":[{"href":"https:\/\/xetai-nhapkhau.com\/index.php?rest_route=%2Fwp%2Fv2%2Fmedia&parent=337"}],"wp:term":[{"taxonomy":"product_cat","embeddable":true,"href":"https:\/\/xetai-nhapkhau.com\/index.php?rest_route=%2Fwp%2Fv2%2Fproduct_cat&post=337"},{"taxonomy":"product_tag","embeddable":true,"href":"https:\/\/xetai-nhapkhau.com\/index.php?rest_route=%2Fwp%2Fv2%2Fproduct_tag&post=337"}],"curies":[{"name":"wp","href":"https:\/\/api.w.org\/{rel}","templated":true}]}}